{"id":3195,"date":"2020-04-28T09:40:29","date_gmt":"2020-04-28T07:40:29","guid":{"rendered":"https:\/\/powergirls.edugroup.at\/?page_id=3195"},"modified":"2020-04-28T09:40:29","modified_gmt":"2020-04-28T07:40:29","slug":"impressum-medieninhaber","status":"publish","type":"page","link":"https:\/\/powergirls.edugroup.at\/?page_id=3195","title":{"rendered":"Impressum Medieninhaber"},"content":{"rendered":"<h1>Impressum Medieninhaber<\/h1>\n<h2>Angaben gem. MedienG<\/h2>\n<p><strong>Education Group GmbH<\/strong><br \/>\nAnastasius-Gr\u00fcn-Stra\u00dfe 22-24, 4020 Linz<\/p>\n<p><strong>T<\/strong>\u00a0+43 732 788078<br \/>\n<strong>F<\/strong>\u00a0+43 732 788078 88<br \/>\n<strong>E<\/strong>\u00a0office@edugroup.at<br \/>\n<strong>W<\/strong>\u00a0\u00a0<a href=\"http:\/\/www.edugroup.at\/\"><strong>www.edugroup.at<\/strong><\/a><\/p>\n<p>Firmenbuchnummer: FN202189m<br \/>\nFirmenbuchgericht: Linz<br \/>\nUID-Nummer: ATU51132509<\/p>\n<p><strong>Herausgeber und Gesch\u00e4ftsf\u00fchrer<br \/>\n<\/strong>Peter Eiselmair, MAS, MSc<\/p>\n<p><strong>Unternehmensgegenstand<\/strong><\/p>\n<ul>\n<li>p\u00e4dagogische, technische und wirtschaftliche F\u00fchrung des o\u00f6 Schulnetzes und \u00e4hnlicher Bildungssysteme<\/li>\n<li>Bereitstellung von Bildungsmedien durch Erwerb, Erschlie\u00dfung und Distribution<\/li>\n<li>Medienbildung und -beratung durch Medienwirkungsforschung, Fort- und Weiterbildungsangebote f\u00fcr P\u00e4dagogInnen und medienp\u00e4dagogische Projekte<\/li>\n<li>Medienproduktion von Unterrichtsmaterialien und bildungsthematisch sowie landestypisch relevanten Filmen<\/li>\n<li>Durchf\u00fchrung von Forschungs- und Entwicklungsarbeiten auf dem Gebiet der Informationstechnik und der neuen Medien in der Bildung sowie damit zusammenh\u00e4ngende Dienstleistungen<\/li>\n<li>Beteiligung an einschl\u00e4gigen Forschungsprojekten anderer Tr\u00e4ger<\/li>\n<li>Durchf\u00fchrung einschl\u00e4giger Informations- und Bildungsveranstaltungen und die Sammlung, Weiterleitung und Verbreitung von wissenschaftlichen Informationen<\/li>\n<li>F\u00f6rderung von schulischen Aufgaben<\/li>\n<li>Zuf\u00fchrung der Forschungs- und Entwicklungsergebnisse an die \u00f6sterreichische Wirtschaft, an Bildungstr\u00e4ger und Bildungssysteme<\/li>\n<\/ul>\n<p><strong>Beteiligungsverh\u00e4ltnisse:<\/strong><\/p>\n<p>Gesellschafter der Education Group GmbH (100 %):<\/p>\n<p>O\u00d6 Landesholding GmbH<br \/>\nLandhausplatz 1<br \/>\n4021 Linz<\/p>\n<p>Tel: (+43 732) 77 20-11300<br \/>\nFax: (+43 732) 77 20-215019<br \/>\nE-Mail: office@ooe-landesholding.at<\/p>\n<p>Firmenbuchnummer: FN 266251 x<br \/>\nFirmenbuchgericht: Landesgericht Linz<\/p>\n<p><a href=\"https:\/\/www.landesholding.com\/wp-content\/uploads\/2018\/12\/Organe-der-LAHO.pdf\">Organe der O\u00d6 Landesholding GmbH<\/a><\/p>\n<p>Gesellschafter der O\u00d6 Landesholding GmbH (100 %):<\/p>\n<p>Land Ober\u00f6sterreich<br \/>\nBahnhofplatz 1<br \/>\n4021 Linz<\/p>\n<p>&nbsp;<\/p>\n<h2>Richtung der Website (&#8222;Blattlinie&#8220;) powergirls.edugroup.at<\/h2>\n<p>Schmieden, Fr\u00e4sen, Stanzen, Programmieren, Erstellen von Trickfilmen, Arbeiten im Labor, Baggern, R\u00e4derwechseln, Herstellen von Joghurt, aber auch Wandern in schwindelerregenden H\u00f6hen &#8211; das ist Normalit\u00e4t f\u00fcr die \u201ePower Girls\u201c. Seit dem Schuljahr 2005\/06 besuchen Power Girls w\u00e4hrend des Schuljahres an sechs Tagen unterschiedlichste Workshops im Themenfeld Technik und Naturwissenschaft. Diese finden im Zentralraum O\u00d6, aber auch regional (in der n\u00e4heren Umgebung der Schule) statt, zu denen sie von geschulten Betreuerinnen begleitet werden. Insgesamt unterst\u00fctzen \u00fcber 80 Unternehmen und Bildungseinrichtungen diese Aktion und \u00f6ffnen ihre T\u00fcren f\u00fcr die M\u00e4dchen.<\/p>\n<p>Die Website enth\u00e4lt Informationen und Services f\u00fcr die M\u00e4dchen, die Lehrkr\u00e4fte, die Schulen sowie die Unternehmen, die am Projekt \u201ePower Girls\u201c teilnehmen. Bereitgestellt werden Informationen zum Projekt, Impulse und Anregungen f\u00fcr den Unterricht, Hintergrundinformationen f\u00fcr Schulen und Unternehmen und vieles mehr.<\/p>\n","protected":false},"excerpt":{"rendered":"<p>Impressum Medieninhaber Angaben gem. MedienG Education Group GmbH Anastasius-Gr\u00fcn-Stra\u00dfe 22-24, 4020 Linz T\u00a0+43 732 788078 F\u00a0+43 732 788078 88 E\u00a0office@edugroup.at W\u00a0\u00a0www.edugroup.at Firmenbuchnummer: FN202189m Firmenbuchgericht: Linz UID-Nummer: ATU51132509 Herausgeber und Gesch\u00e4ftsf\u00fchrer Peter Eiselmair, MAS, MSc Unternehmensgegenstand p\u00e4dagogische, technische und wirtschaftliche F\u00fchrung des o\u00f6 Schulnetzes und \u00e4hnlicher Bildungssysteme Bereitstellung von Bildungsmedien durch Erwerb, Erschlie\u00dfung und Distribution Medienbildung und -beratung durch Medienwirkungsforschung, Fort- und Weiterbildungsangebote f\u00fcr P\u00e4dagogInnen und medienp\u00e4dagogische Projekte Medienproduktion von Unterrichtsmaterialien und bildungsthematisch sowie landestypisch relevanten Filmen Durchf\u00fchrung von Forschungs- und Entwicklungsarbeiten auf dem Gebiet der Informationstechnik und der neuen Medien in der Bildung sowie damit zusammenh\u00e4ngende Dienstleistungen Beteiligung an einschl\u00e4gigen Forschungsprojekten <a href=\"https:\/\/powergirls.edugroup.at\/?page_id=3195\"> [&#8230;]<\/a><\/p>\n","protected":false},"author":3,"featured_media":0,"parent":0,"menu_order":0,"comment_status":"closed","ping_status":"closed","template":"","meta":{"footnotes":""},"class_list":["post-3195","page","type-page","status-publish","hentry"],"_links":{"self":[{"href":"https:\/\/powergirls.edugroup.at\/index.php?rest_route=\/wp\/v2\/pages\/3195","targetHints":{"allow":["GET"]}}],"collection":[{"href":"https:\/\/powergirls.edugroup.at\/index.php?rest_route=\/wp\/v2\/pages"}],"about":[{"href":"https:\/\/powergirls.edugroup.at\/index.php?rest_route=\/wp\/v2\/types\/page"}],"author":[{"embeddable":true,"href":"https:\/\/powergirls.edugroup.at\/index.php?rest_route=\/wp\/v2\/users\/3"}],"replies":[{"embeddable":true,"href":"https:\/\/powergirls.edugroup.at\/index.php?rest_route=%2Fwp%2Fv2%2Fcomments&post=3195"}],"version-history":[{"count":5,"href":"https:\/\/powergirls.edugroup.at\/index.php?rest_route=\/wp\/v2\/pages\/3195\/revisions"}],"predecessor-version":[{"id":3200,"href":"https:\/\/powergirls.edugroup.at\/index.php?rest_route=\/wp\/v2\/pages\/3195\/revisions\/3200"}],"wp:attachment":[{"href":"https:\/\/powergirls.edugroup.at\/index.php?rest_route=%2Fwp%2Fv2%2Fmedia&parent=3195"}],"curies":[{"name":"wp","href":"https:\/\/api.w.org\/{rel}","templated":true}]}}