{"id":3,"date":"2020-04-28T09:15:00","date_gmt":"2020-04-28T07:15:00","guid":{"rendered":"https:\/\/powergirls.edugroup.at\/?page_id=3"},"modified":"2020-04-29T11:10:19","modified_gmt":"2020-04-29T09:10:19","slug":"datenschutzerklaerung","status":"publish","type":"page","link":"https:\/\/powergirls.edugroup.at\/?page_id=3","title":{"rendered":"Wir sch\u00fctzen Ihre Daten und respektieren Ihre Privatsph\u00e4re"},"content":{"rendered":"\r\n<h1 class=\"wp-block-heading\">Wir sch\u00fctzen Ihre Daten und respektieren Ihre Privatsph\u00e4re<\/h1>\r\n<p>Der Schutz Ihrer pers\u00f6nlichen Daten ist f\u00fcr uns besonders wichtig. Wir verarbeiten Ihre Daten ausschlie\u00dflich auf Grundlage der gesetzlichen Bestimmungen (DSGVO, DSG, TKG, etc.).<\/p>\r\n<p>In dieser Datenschutzerkl\u00e4rung m\u00f6chten wir Sie \u00fcber die wichtigsten Aspekte der Datenverarbeitung im Rahmen unseres Angebotes \u201cBewegte Schule\u201c \u00a0informieren und Sie dar\u00fcber aufkl\u00e4ren, wie wir Ihre personenbezogenen Daten verarbeiten.<\/p>\r\n<p>Personenbezogene Daten sind Daten, die sich auf eine identifizierte oder identifizierbare betroffene Person beziehen, z.B. Name, Geburtsdatum, E-Mail Adresse, etc.<\/p>\r\n<p>&nbsp;<\/p>\r\n<h2>Verantwortlicher<\/h2>\r\n\r\n\r\n\r\n<p>Education Group GmbH<br \/>Anastasius-Gr\u00fcn-Stra\u00dfe 22-24<br \/>4020 Linz<br \/>office@edugroup.at<\/p>\r\n<p>&nbsp;<\/p>\r\n<h2>Datenschutzbeauftragter<\/h2>\r\n<p>Michael Beer<br \/>Education Group GmbH<br \/>datenschutz@edugroup.at<\/p>\r\n<p>&nbsp;<\/p>\r\n\r\n\r\n\r\n<h2 class=\"wp-block-heading\">Verarbeitete Daten inkl. Verarbeitungszwecke und Rechtsgrundlagen der Verarbeitung<\/h2>\r\n\r\n<p>Wir als Websitebetreiber bzw. Seitenprovider erheben Daten \u00fcber Zugriffe auf die Seite und speichern diese als \u201eServer-Logfiles\u201c ab. Folgende Daten werden so protokolliert: Verwendete IP-Adresse Die erhobenen Daten dienen lediglich statistischen Auswertungen und zur Verbesserung der Website. Der Websitebetreiber beh\u00e4lt sich allerdings vor, die Server-Logfiles nachtr\u00e4glich zu \u00fcberpr\u00fcfen, sollten konkrete Anhaltspunkte auf eine rechtswidrige Nutzung hinweisen.<\/p>\r\n<p>&nbsp;<\/p>\r\n\r\n<h2 class=\"wp-block-heading\">Empf\u00e4nger der Daten<\/h2>\r\n\r\n\r\n\r\n<p><strong>Die Education Group GmbH arbeitet nur mit sorgf\u00e4ltig ausgew\u00e4hlten Dienstleistern zusammen und verpflichtet diese zur strengsten Verschwiegenheit. Bei der Auswahl der Dienstleister achten wir im Besonderen darauf, nur mit jene Unternehmen zusammenzuarbeiten, die geeignete \u2013 dem Stand der Technik entsprechende &#8211; technische und organisatorische Ma\u00dfnahmen treffen, um den Schutz Ihrer Daten zu gew\u00e4hrleisten. <\/strong><\/p>\r\n<p>Mitarbeiter der involvierten Dienstleister k\u00f6nnen \u2013 in begr\u00fcndeten Supportf\u00e4llen \u2013 Zugriff auf personenbezogene Daten erlangen, jedoch nur insofern, als dies f\u00fcr die Fehleranalyse und Fehlerbehebung unbedingt erforderlich ist. Eine Offenlegung pb. Daten gg\u00fc. Rechtsvertretern, Banken, Gerichten, Wirtschaftstreuh\u00e4ndern, Strafverfolgungsbeh\u00f6rden udgl. findet nur erforderlichenfalls und nur im (angefragten) Mindestumfang statt, unter strikter Einhaltung aller gesetzlicher Auflagen. Eine Offenlegung pb. Daten gg\u00fc. Rechtsvertretern, Banken, Gerichten, Wirtschaftstreuh\u00e4ndern, Strafverfolgungsbeh\u00f6rden udgl. findet nur erforderlichenfalls und nur im (angefragten) Mindestumfang statt, unter strikter Einhaltung aller gesetzlicher Auflagen.<\/p>\r\n<p>&nbsp;<\/p>\r\n\r\n\r\n\r\n\r\n\r\n<h2 class=\"wp-block-heading\">\u00dcbermittlung an ein Drittland inkl. gesetzlicher Grundlage<\/h2>\r\n\r\n<p>Ihre IP Adresse wird an Google Inc. \u00fcbermittelt. Dies geschieht auf Grundlage des Privacy-Shield Acts. (Siehe \u201eEmpf\u00e4nger der Daten\u201c).<\/p>\r\n<p>&nbsp;<\/p>\r\n<!-- \/wp:post-content -->\r\n\r\n<!-- wp:heading {\"level\":3} -->\r\n<h2>Dauer der Speicherung bzw. Speicherfristen<\/h2>\r\n<p>Technische Protokolldaten werden regelm\u00e4\u00dfig gel\u00f6scht, Ihre anderen Daten bleiben solange gespeichert, als Sie \u00fcber einen aktiven, nicht-gel\u00f6schten Login zu unserem Angebot verf\u00fcgen.<\/p>\r\n<p>Nach l\u00e4ngerer Inaktivit\u00e4t k\u00f6nnen Ihre Daten jedoch durch automatisierte Prozesse gel\u00f6scht werden.<\/p>\r\n<p>&nbsp;<\/p>\r\n<!-- \/wp:heading -->\r\n\r\n<!-- wp:heading {\"level\":3} -->\r\n<h2>Schutz Ihrer Daten<\/h2>\r\n<!-- \/wp:heading -->\r\n\r\n<!-- wp:paragraph -->\r\n<p>Zur Sicherheit und zum Schutz Ihrer personenbezogenen Daten verwenden wir entsprechende Sicherheitstechnologien nach dem <strong>Stand der Technik<\/strong>. Dies erfolgt zum Schutz vor unbefugtem Zugriff, Verlust, Weitergabe oder unberechtigter \u00c4nderung, Missbrauch oder unzul\u00e4ssiger Offenlegung Ihrer Daten.<\/p>\r\n<p><strong>Unser Angebot wird in einem hochsicheren, ISO 27.001 zertifizierten \u00f6sterreichischen Rechenzentrum betrieben.<\/strong><\/p>\r\n<p>&nbsp;<\/p>\r\n<!-- \/wp:paragraph -->\r\n\r\n<!-- wp:heading {\"level\":3} -->\r\n<h2>Ihre Rechte<\/h2>\r\n<p><strong>Ihnen stehen die Rechte auf Berichtigung, L\u00f6schung, Einschr\u00e4nkung, Daten\u00fcbertragbarkeit und Widerspruch zu. Bitte wenden Sie sich hierf\u00fcr an den Datenschutzbeauftragten.<\/strong><\/p>\r\n<p><strong>Zudem steht Ihnen das Recht auf Auskunft zu. Dies bedeutet, dass wir Sie dar\u00fcber informieren, welche Daten wir von Ihnen verarbeiten. Bitte wenden Sie sich hierf\u00fcr an den Datenschutzbeauftragten.<\/strong><\/p>\r\n<p>Um Sie zu identifizieren zu k\u00f6nnen, werden wir im Zweifel zus\u00e4tzliche Informationen zur Best\u00e4tigung Ihrer Identit\u00e4t anfordern. Dies dient dem Schutze Ihrer personenbezogenen Daten.<\/p>\r\n<p>Gem\u00e4\u00df den gesetzlichen Bestimmungen haben wir das Recht, bei offenkundig unbegr\u00fcndeten oder im Falle von exzessiven Antr\u00e4gen (durch geh\u00e4ufte, wiederholte Antragsstellungen) Ihre Antr\u00e4ge abzuweisen oder ein angemessenes Entgelt zu verrechnen, um unseren hieraus entstandenen Verwaltungsaufwand abzudecken.<\/p>\r\n<p>Da die Education Group GmbH eine Vielzahl von tlw. komplexen Anwendungen entwickelt, implementiert und betreibt, ersuchen wir Sie gem\u00e4\u00df den gesetzlichen Bestimmungen uns m\u00f6glichst detailliert mitzuteilen, auf welche konkrete Anwendung sich Ihr Auskunftsbegehren bezieht.<\/p>\r\n<p>&nbsp;<\/p>\r\n<!-- \/wp:heading -->\r\n\r\n<!-- wp:heading \/-->\r\n\r\n<!-- wp:heading -->\r\n<h2>Automatisierte Entscheidungsfindung<\/h2>\r\n<!-- \/wp:heading -->\r\n\r\n<!-- wp:paragraph -->\r\n<p>Unser Angebot nutzt keine Methoden zur automatisierten Entscheidungsfindung.<\/p>\r\n<p>&nbsp;<\/p>\r\n<!-- \/wp:paragraph -->\r\n\r\n<!-- wp:heading -->\r\n<h2>Widerruf<\/h2>\r\n<!-- \/wp:heading -->\r\n\r\n<!-- wp:paragraph -->\r\n<p><strong>Sofern die Verarbeitung Ihrer Daten auf Ihrer Einwilligung basiert, k\u00f6nnen Sie diese jederzeit widerrufen. Ein Widerruf hat zur Folge, dass wir Ihre Daten ab diesem Zeitpunkt zu den oben genannten Zwecken nicht mehr verarbeiten.<\/strong><\/p>\r\n<p>F\u00fcr einen Widerruf wenden Sie sich bitte an den Datenschutzbeauftragten.<br \/>Ein Widerruf der Einwilligung der Datenverarbeitung hat keine Auswirkung auf die Rechtm\u00e4\u00dfigkeit der Verarbeitung Ihrer Daten bis zum Zeitpunkt der Aus\u00fcbung Ihres Widerrufrechtes.\u00a0<\/p>\r\n<!-- \/wp:paragraph -->\r\n\r\n<!-- wp:heading -->\r\n<p>&nbsp;<\/p>\r\n<!-- \/wp:heading -->\r\n\r\n<!-- wp:heading -->\r\n<h2>Cookies<\/h2>\r\n<p>Unser Angebot verwendet so genannte Cookies. Dabei handelt es sich um kleine Textdateien, die mit Hilfe des Browsers auf Ihrem Endger\u00e4t abgelegt werden. Sie richten keinen Schaden an.<\/p>\r\n<p>Wir nutzen Cookies dazu, unser Angebot nutzerfreundlich zu gestalten und\/oder funktionell zu erweitern. Einige Cookies bleiben auf Ihrem Endger\u00e4t gespeichert, bis Sie diese l\u00f6schen. Sie erm\u00f6glichen es uns, Ihren Browser beim n\u00e4chsten Besuch wiederzuerkennen bzw. anwendungsspezifische Informationen zu speichern.<\/p>\r\n<p>Wenn Sie dies nicht w\u00fcnschen, so k\u00f6nnen Sie Ihren Browser so einrichten, dass er Sie \u00fcber das Setzen von Cookies informiert und Sie dies nur im Einzelfall erlauben.<\/p>\r\n<p>Bei der Deaktivierung von Cookies kann jedoch die Funktionalit\u00e4t unseres Angebotes eingeschr\u00e4nkt sein.<\/p>\r\n<p>Sie k\u00f6nnen jederzeit Cookies, die sich bereits auf Ihrem Computer befinden, l\u00f6schen. Die Vorgangsweise dazu ist je Browser unterschiedlich, bitte informieren Sie sich in Ihrer Browserhilfe.<\/p>\r\n<h2>Statistische Auswertung<\/h2>\r\n<p>F\u00fcr die statistische Auswertung der Nutzung unseres Angebotes gelten die folgenden Punkte:<\/p>\r\n<p>Es wird nur ein Teil der IP-Adresse ausgewertet, eine Zusammenf\u00fchrung mit anderen Daten erfolgt nicht. Die Datenerfassung erfolgt daher ausschlie\u00dflich ohne Personenbezug.<\/p>\r\n<p>Sie k\u00f6nnen Ihren Browser so konfigurieren, dass er bei der Auswertung nicht gez\u00e4hlt wird. Verwenden Sie hierzu die \u201eDo Not Track\u201c Option in Ihrem Browser.<\/p>\r\n<!-- \/wp:heading -->\r\n\r\n<!-- wp:heading -->\r\n<h2>YouTube<\/h2>\r\n<!-- \/wp:heading -->\r\n<p>Unsere Seite verwendet f\u00fcr die Einbindung von Videos den Anbieter YouTube LLC , 901 Cherry Avenue, San Bruno, CA 94066, USA, vertreten durch Google Inc., 1600 Amphitheatre Parkway, Mountain View, CA 94043, USA. Normalerweise wird bereits bei Aufruf einer Seite mit eingebetteten Videos Ihre IP-Adresse an YouTube gesendet und Cookies auf Ihrem Rechner installiert. Wir haben unsere YouTube-Videos jedoch mit dem erweiterten Datenschutzmodus eingebunden (in diesem Fall nimmt YouTube immer noch Kontakt zu dem Dienst Double Klick von Google auf, doch werden dabei laut der Datenschutzerkl\u00e4rung von Google personenbezogene Daten nicht ausgewertet). Dadurch werden von YouTube keine Informationen \u00fcber die Besucher mehr gespeichert, es sei denn, sie sehen sich das Video an. Wenn Sie das Video anklicken, wird Ihre IP-Adresse an YouTube \u00fcbermittelt und YouTube erf\u00e4hrt, dass Sie das Video angesehen haben. Sind Sie bei YouTube eingeloggt, wird diese Information auch Ihrem Benutzerkonto zugeordnet (dies k\u00f6nnen Sie verhindern, indem Sie sich vor dem Aufrufen des Videos bei YouTube ausloggen).<\/p>\r\n<p>Von der dann m\u00f6glichen Erhebung und Verwendung Ihrer Daten durch YouTube haben wir keine Kenntnis und darauf auch keinen Einfluss. N\u00e4here Informationen k\u00f6nnen Sie der\u00a0<a href=\"https:\/\/policies.google.com\/privacy?hl=de&amp;gl=de\">Datenschutzerkl\u00e4rung von YouTube<\/a>\u00a0(<a href=\"https:\/\/policies.google.com\/privacy?hl=de&amp;gl=de\">https:\/\/policies.google.com\/privacy?hl=de&amp;gl=de<\/a>) entnehmen. Zudem verweisen wir f\u00fcr den generellen Umgang mit und die Deaktivierung von Cookies auf unsere allgemeine Darstellung in dieser Datenschutzerkl\u00e4rung.<\/p>\r\n<p>&nbsp;<\/p>\r\n<!-- wp:heading {\"level\":3} -->\r\n<h2>Drittanbieter<\/h2>\r\n<p>In unserem Angebot k\u00f6nnen Inhalte von Drittanbietern (zB Youtube, Learningapps, etc.) eingebunden werden. Diese Drittanbieter k\u00f6nnen ggf. ebenfalls Cookies setzen. Wir haben hier\u00fcber keinen Einfluss und keine Zugriffsm\u00f6glichkeit.<\/p>\r\n<p>Sie k\u00f6nnen Ihren Browser so einstellen, dass er Cookies von Drittanbietern blockiert. Die Vorgangsweise dazu ist je Browser unterschiedlich, bitte informieren Sie sich in Ihrer Browserhilfe.<\/p>\r\n<p>&nbsp;<\/p>\r\n<!-- \/wp:heading -->\r\n\r\n<!-- wp:heading {\"level\":3} -->\r\n<h2>Beschwerdem\u00f6glichkeit<\/h2>\r\n<p>Wenn Sie glauben, dass die Verarbeitung Ihrer Daten gegen das Datenschutzrecht verst\u00f6\u00dft oder Ihre datenschutzrechtlichen Anspr\u00fcche sonst in einer Weise verletzt worden sind, k\u00f6nnen Sie sich bei der Aufsichtsbeh\u00f6rde beschweren. In \u00d6sterreich ist f\u00fcr Ihr Anliegen die Datenschutzbeh\u00f6rde zust\u00e4ndig.<\/p>\r\n<!-- \/wp:heading -->\r\n\r\n<!-- wp:heading {\"level\":3} \/-->","protected":false},"excerpt":{"rendered":"<p>Wir sch\u00fctzen Ihre Daten und respektieren Ihre Privatsph\u00e4re Der Schutz Ihrer pers\u00f6nlichen Daten ist f\u00fcr uns besonders wichtig. Wir verarbeiten Ihre Daten ausschlie\u00dflich auf Grundlage der gesetzlichen Bestimmungen (DSGVO, DSG, TKG, etc.). In dieser Datenschutzerkl\u00e4rung m\u00f6chten wir Sie \u00fcber die wichtigsten Aspekte der Datenverarbeitung im Rahmen unseres Angebotes \u201cBewegte Schule\u201c \u00a0informieren und Sie dar\u00fcber aufkl\u00e4ren, wie wir Ihre personenbezogenen Daten verarbeiten. Personenbezogene Daten sind Daten, die sich auf eine identifizierte oder identifizierbare betroffene Person beziehen, z.B. Name, Geburtsdatum, E-Mail Adresse, etc. &nbsp; Verantwortlicher Education Group GmbHAnastasius-Gr\u00fcn-Stra\u00dfe 22-244020 Linzoffice@edugroup.at &nbsp; Datenschutzbeauftragter Michael BeerEducation Group GmbHdatenschutz@edugroup.at &nbsp; Verarbeitete Daten inkl. Verarbeitungszwecke und Rechtsgrundlagen <a href=\"https:\/\/powergirls.edugroup.at\/?page_id=3\"> [&#8230;]<\/a><\/p>\n","protected":false},"author":3,"featured_media":0,"parent":0,"menu_order":0,"comment_status":"closed","ping_status":"closed","template":"","meta":{"footnotes":""},"class_list":["post-3","page","type-page","status-publish","hentry"],"_links":{"self":[{"href":"https:\/\/powergirls.edugroup.at\/index.php?rest_route=\/wp\/v2\/pages\/3","targetHints":{"allow":["GET"]}}],"collection":[{"href":"https:\/\/powergirls.edugroup.at\/index.php?rest_route=\/wp\/v2\/pages"}],"about":[{"href":"https:\/\/powergirls.edugroup.at\/index.php?rest_route=\/wp\/v2\/types\/page"}],"author":[{"embeddable":true,"href":"https:\/\/powergirls.edugroup.at\/index.php?rest_route=\/wp\/v2\/users\/3"}],"replies":[{"embeddable":true,"href":"https:\/\/powergirls.edugroup.at\/index.php?rest_route=%2Fwp%2Fv2%2Fcomments&post=3"}],"version-history":[{"count":6,"href":"https:\/\/powergirls.edugroup.at\/index.php?rest_route=\/wp\/v2\/pages\/3\/revisions"}],"predecessor-version":[{"id":3201,"href":"https:\/\/powergirls.edugroup.at\/index.php?rest_route=\/wp\/v2\/pages\/3\/revisions\/3201"}],"wp:attachment":[{"href":"https:\/\/powergirls.edugroup.at\/index.php?rest_route=%2Fwp%2Fv2%2Fmedia&parent=3"}],"curies":[{"name":"wp","href":"https:\/\/api.w.org\/{rel}","templated":true}]}}